{"id":13,"date":"2019-11-26T10:02:59","date_gmt":"2019-11-26T10:02:59","guid":{"rendered":"http:zorpotex.com\/?page_id=13"},"modified":"2024-10-13T17:01:35","modified_gmt":"2024-10-13T17:01:35","slug":"the-new-umoma-opens-its-doors-2","status":"publish","type":"page","link":"https:\/\/mariobus.com.pl\/","title":{"rendered":"Witamy!"},"content":{"rendered":"\n<h4 class=\"wp-block-heading alignwide has-text-align-center\">Firma MARIOBUS Mariusz Resze\u0107 prowadzi dzia\u0142alno\u015b\u0107 przewozu os\u00f3b. Oferujemy kompleksowe us\u0142ugi autokarowe zar\u00f3wno na terenie Polski, jak i ca\u0142ej Europy. Nasza flota nowoczesnych autokar\u00f3w oraz do\u015bwiadczona kadra kierowc\u00f3w gwarantuj\u0105 bezpieczn\u0105 i komfortow\u0105 podr\u00f3\u017c. Z przyjemno\u015bci\u0105 pomo\u017cemy Pa\u0144stwu zorganizowa\u0107 wymarzony wyjazd.<\/h4>\n\n\n\n<p class=\"has-text-align-center\">tel\/fax. 607 105 822, e-mail: mariuszreszec@gmail.com<\/p>\n\n\n\n<div class=\"wp-block-columns alignfull is-layout-flex wp-container-core-columns-is-layout-1 wp-block-columns-is-layout-flex\" id=\"produkty-i-us\u0142ugi\">\n<div class=\"wp-block-column is-vertically-aligned-stretch is-layout-flow wp-block-column-is-layout-flow\" style=\"flex-basis:48%\" id=\"tabela-lewa\"><div class=\"wp-block-image\">\n<figure class=\"alignright size-full is-resized\" id=\"bus\"><img fetchpriority=\"high\" decoding=\"async\" width=\"1200\" height=\"1600\" src=\"https:\/\/mariobus.com.pl\/wp-content\/uploads\/2024\/10\/IMG-20240704-WA0002-removebg.png\" alt=\"\" class=\"wp-image-288\" style=\"width:252px\"\/><\/figure><\/div><\/div>\n\n\n\n<div class=\"wp-block-column is-vertically-aligned-stretch is-layout-flow wp-block-column-is-layout-flow\" style=\"flex-basis:48%\" id=\"tabela-prawa\">\n<p><\/p>\n\n\n\n<p class=\"has-text-color has-link-color has-large-font-size wp-elements-59afa27258d74b48954efadd4fb9bd4b\" style=\"color:#000000\"><strong>Produkty i us\u0142ugi:<\/strong><\/p>\n\n\n\n<ul style=\"color:#000000\" class=\"wp-block-list has-text-color has-link-color wp-elements-7f125206e0d2bf85152013cf574e0e14\">\n<li class=\"color: 000000; has-small-font-size\">wyjazdy turystyczne,<\/li>\n\n\n\n<li class=\"has-small-font-size\">pielgrzymki,<\/li>\n\n\n\n<li class=\"has-small-font-size\">obozy, kolonie i zielone szko\u0142y,<\/li>\n\n\n\n<li class=\"has-small-font-size\">imprezy okoliczno\u015bciowe.<\/li>\n<\/ul>\n<\/div>\n<\/div>\n\n\n\n<div class=\"wp-block-columns alignwide are-vertically-aligned-top is-layout-flex wp-container-core-columns-is-layout-2 wp-block-columns-is-layout-flex\">\n<div class=\"wp-block-column is-vertically-aligned-top is-layout-flow wp-block-column-is-layout-flow\" style=\"flex-basis:100%\">\n<p><strong>Nasze autokary posiadaj\u0105 51 miejsc siedz\u0105cych i s\u0105 wyposa\u017cone w nowoczesne udogodnienia, zapewniaj\u0105ce komfort i bezpiecze\u0144stwo podr\u00f3\u017cuj\u0105cym.<\/strong><\/p>\n\n\n\n<p class=\"has-text-align-left\"><strong>Ch\u0119tnie pomo\u017cemy Pa\u0144stwu odkry\u0107 uroki polskich miast i krajobraz\u00f3w, jak r\u00f3wnie\u017c zapozna\u0107 si\u0119 z kultur\u0105, przyrod\u0105 i atrakcjami pa\u0144stw takich jak Chorwacja, W\u0142ochy, Holandia, Czechy, W\u0119gry, Hiszpania czy Grecja.<\/strong><\/p>\n\n\n\n<p><p class=\"MsoNormal\" style=\"margin-bottom:0cm;line-height:normal\"><b>Po wi\u0119cej informacji o naszej ofercie zapraszamy do kontaktu telefonicznego. Z przyjemno\u015bci\u0105 odpowiemy na wszystkie pytania.<\/b><\/p><\/p>\n\n\n\n<p><strong>Firma Mariobus Mariusz Resze\u0107 z lokalizacji: Dzikie \u015bwiadczy us\u0142ugi m.in. w wymienionych obszarach:<\/strong><\/p>\n\n\n\n<p><strong>mazowieckie, podlaskie<\/strong><\/p>\n<\/div>\n<\/div>\n\n\n\n<figure class=\"wp-block-image alignwide size-full\"><img decoding=\"async\" width=\"1180\" height=\"420\" src=\"https:\/\/mariobus.com.pl\/wp-content\/uploads\/2024\/10\/background.jpg\" alt=\"\" class=\"wp-image-340\"\/><\/figure>\n","protected":false},"excerpt":{"rendered":"<p>Firma MARIOBUS Mariusz Resze\u0107 prowadzi dzia\u0142alno\u015b\u0107 przewozu os\u00f3b. Oferujemy kompleksowe us\u0142ugi autokarowe zar\u00f3wno na terenie Polski, jak i ca\u0142ej Europy. Nasza flota nowoczesnych autokar\u00f3w oraz do\u015bwiadczona kadra kierowc\u00f3w gwarantuj\u0105 bezpieczn\u0105 i komfortow\u0105 podr\u00f3\u017c. Z przyjemno\u015bci\u0105 pomo\u017cemy Pa\u0144stwu zorganizowa\u0107 wymarzony wyjazd. tel\/fax. 607 105 822, e-mail: mariuszreszec@gmail.com Produkty i us\u0142ugi: Nasze autokary posiadaj\u0105 51 miejsc siedz\u0105cych [&hellip;]<\/p>\n","protected":false},"author":1,"featured_media":0,"parent":0,"menu_order":0,"comment_status":"closed","ping_status":"closed","template":"","meta":{"footnotes":""},"class_list":["post-13","page","type-page","status-publish","hentry"],"_links":{"self":[{"href":"https:\/\/mariobus.com.pl\/index.php?rest_route=\/wp\/v2\/pages\/13"}],"collection":[{"href":"https:\/\/mariobus.com.pl\/index.php?rest_route=\/wp\/v2\/pages"}],"about":[{"href":"https:\/\/mariobus.com.pl\/index.php?rest_route=\/wp\/v2\/types\/page"}],"author":[{"embeddable":true,"href":"https:\/\/mariobus.com.pl\/index.php?rest_route=\/wp\/v2\/users\/1"}],"replies":[{"embeddable":true,"href":"https:\/\/mariobus.com.pl\/index.php?rest_route=%2Fwp%2Fv2%2Fcomments&post=13"}],"version-history":[{"count":66,"href":"https:\/\/mariobus.com.pl\/index.php?rest_route=\/wp\/v2\/pages\/13\/revisions"}],"predecessor-version":[{"id":459,"href":"https:\/\/mariobus.com.pl\/index.php?rest_route=\/wp\/v2\/pages\/13\/revisions\/459"}],"wp:attachment":[{"href":"https:\/\/mariobus.com.pl\/index.php?rest_route=%2Fwp%2Fv2%2Fmedia&parent=13"}],"curies":[{"name":"wp","href":"https:\/\/api.w.org\/{rel}","templated":true}]}}